{"id":585,"date":"2026-01-20T16:39:45","date_gmt":"2026-01-20T16:39:45","guid":{"rendered":"https:\/\/sustainablebiosecurity.com\/?page_id=585"},"modified":"2026-03-26T14:46:12","modified_gmt":"2026-03-26T18:46:12","slug":"discovery","status":"publish","type":"page","link":"https:\/\/sustainablebiosecurity.com\/fr\/discovery\/","title":{"rendered":"D\u00e9couverte"},"content":{"rendered":"<div data-elementor-type=\"wp-page\" data-elementor-id=\"585\" class=\"elementor elementor-585\" data-elementor-post-type=\"page\">\n\t\t\t\t\t\t<section class=\"elementor-section elementor-top-section elementor-element elementor-element-2d2003df elementor-section-boxed elementor-section-height-default elementor-section-height-default\" data-id=\"2d2003df\" data-element_type=\"section\" data-e-type=\"section\" data-settings=\"{&quot;background_background&quot;:&quot;classic&quot;}\">\n\t\t\t\t\t\t\t<div class=\"elementor-background-overlay\"><\/div>\n\t\t\t\t\t\t\t<div class=\"elementor-container elementor-column-gap-default\">\n\t\t\t\t\t<div class=\"elementor-column elementor-col-100 elementor-top-column elementor-element elementor-element-4f5438f\" data-id=\"4f5438f\" data-element_type=\"column\" data-e-type=\"column\">\n\t\t\t<div class=\"elementor-widget-wrap elementor-element-populated\">\n\t\t\t\t\t\t<section class=\"elementor-section elementor-inner-section elementor-element elementor-element-186a3a77 elementor-section-boxed elementor-section-height-default elementor-section-height-default elementor-invisible\" data-id=\"186a3a77\" data-element_type=\"section\" data-e-type=\"section\" data-settings=\"{&quot;background_background&quot;:&quot;classic&quot;,&quot;animation&quot;:&quot;fadeInUp&quot;}\">\n\t\t\t\t\t\t<div class=\"elementor-container elementor-column-gap-default\">\n\t\t\t\t\t<div class=\"elementor-column elementor-col-100 elementor-inner-column elementor-element elementor-element-15b829ec\" data-id=\"15b829ec\" data-element_type=\"column\" data-e-type=\"column\">\n\t\t\t<div class=\"elementor-widget-wrap elementor-element-populated\">\n\t\t\t\t\t\t<div class=\"elementor-element elementor-element-23d49f9a elementor-widget elementor-widget-heading\" data-id=\"23d49f9a\" data-element_type=\"widget\" data-e-type=\"widget\" data-widget_type=\"heading.default\">\n\t\t\t\t<div class=\"elementor-widget-container\">\n\t\t\t\t\t<h1 class=\"elementor-heading-title elementor-size-default\">D\u00e9couverte<\/h1>\t\t\t\t<\/div>\n\t\t\t\t<\/div>\n\t\t\t\t<div class=\"elementor-element elementor-element-10655575 elementor-widget elementor-widget-heading\" data-id=\"10655575\" data-element_type=\"widget\" data-e-type=\"widget\" data-widget_type=\"heading.default\">\n\t\t\t\t<div class=\"elementor-widget-container\">\n\t\t\t\t\t<h4 class=\"elementor-heading-title elementor-size-default\">Le syst\u00e8me SBS Shield\u2122 est-il la solution adapt\u00e9e \u00e0 votre exploitation ?<\/h4>\t\t\t\t<\/div>\n\t\t\t\t<\/div>\n\t\t\t\t\t<\/div>\n\t\t<\/div>\n\t\t\t\t\t<\/div>\n\t\t<\/section>\n\t\t\t\t\t<\/div>\n\t\t<\/div>\n\t\t\t\t\t<\/div>\n\t\t<\/section>\n\t\t\t\t<section class=\"elementor-section elementor-top-section elementor-element elementor-element-f09982e elementor-section-content-middle elementor-reverse-mobile elementor-hidden-desktop elementor-hidden-tablet elementor-section-boxed elementor-section-height-default elementor-section-height-default\" data-id=\"f09982e\" data-element_type=\"section\" data-e-type=\"section\">\n\t\t\t\t\t\t<div class=\"elementor-container elementor-column-gap-default\">\n\t\t\t\t\t<div class=\"elementor-column elementor-col-100 elementor-top-column elementor-element elementor-element-46dc08c elementor-invisible\" data-id=\"46dc08c\" data-element_type=\"column\" data-e-type=\"column\" data-settings=\"{&quot;background_background&quot;:&quot;classic&quot;,&quot;animation&quot;:&quot;fadeInRight&quot;}\">\n\t\t\t<div class=\"elementor-widget-wrap elementor-element-populated\">\n\t\t\t\t\t\t<div class=\"elementor-element elementor-element-8f273b3 elementor-widget__width-initial elementor-widget elementor-widget-heading\" data-id=\"8f273b3\" data-element_type=\"widget\" data-e-type=\"widget\" data-widget_type=\"heading.default\">\n\t\t\t\t<div class=\"elementor-widget-container\">\n\t\t\t\t\t<h2 class=\"elementor-heading-title elementor-size-default\">Commencez d\u00e8s maintenant \u2013 d\u00e9couvrez comment le syst\u00e8me SBS Shield\u2122 peut prot\u00e9ger votre exploitation et am\u00e9liorer l\u2019efficacit\u00e9<\/h2>\t\t\t\t<\/div>\n\t\t\t\t<\/div>\n\t\t\t\t<div class=\"elementor-element elementor-element-ecc9e34 elementor-widget__width-initial elementor-widget elementor-widget-text-editor\" data-id=\"ecc9e34\" data-element_type=\"widget\" data-e-type=\"widget\" data-widget_type=\"text-editor.default\">\n\t\t\t\t<div class=\"elementor-widget-container\">\n\t\t\t\t\t\t\t\t\t<p>Veuillez choisir votre domaine d\u2019int\u00e9r\u00eat ci-dessous<\/p>\t\t\t\t\t\t\t\t<\/div>\n\t\t\t\t<\/div>\n\t\t\t\t<div class=\"elementor-element elementor-element-1954ab2 elementor-widget elementor-widget-image\" data-id=\"1954ab2\" data-element_type=\"widget\" data-e-type=\"widget\" data-widget_type=\"image.default\">\n\t\t\t\t<div class=\"elementor-widget-container\">\n\t\t\t\t\t\t\t\t\t\t\t\t\t\t\t\t<a href=\"https:\/\/form.jotform.com\/260156027703046\">\n\t\t\t\t\t\t\t<img fetchpriority=\"high\" decoding=\"async\" width=\"800\" height=\"203\" src=\"https:\/\/sustainablebiosecurity.com\/wp-content\/uploads\/2026\/03\/knife-sanitation-mobile-fr.webp\" class=\"attachment-large size-large wp-image-765\" alt=\"\" srcset=\"https:\/\/sustainablebiosecurity.com\/wp-content\/uploads\/2026\/03\/knife-sanitation-mobile-fr.webp 804w, https:\/\/sustainablebiosecurity.com\/wp-content\/uploads\/2026\/03\/knife-sanitation-mobile-fr-300x76.webp 300w, https:\/\/sustainablebiosecurity.com\/wp-content\/uploads\/2026\/03\/knife-sanitation-mobile-fr-768x195.webp 768w, https:\/\/sustainablebiosecurity.com\/wp-content\/uploads\/2026\/03\/knife-sanitation-mobile-fr-18x5.webp 18w\" sizes=\"(max-width: 800px) 100vw, 800px\" \/>\t\t\t\t\t\t\t\t<\/a>\n\t\t\t\t\t\t\t\t\t\t\t\t\t\t\t<\/div>\n\t\t\t\t<\/div>\n\t\t\t\t<div class=\"elementor-element elementor-element-c6b437b elementor-widget elementor-widget-image\" data-id=\"c6b437b\" data-element_type=\"widget\" data-e-type=\"widget\" data-widget_type=\"image.default\">\n\t\t\t\t<div class=\"elementor-widget-container\">\n\t\t\t\t\t\t\t\t\t\t\t\t\t\t\t\t<a href=\"https:\/\/form.jotform.com\/260544028637256\">\n\t\t\t\t\t\t\t<img decoding=\"async\" width=\"800\" height=\"203\" src=\"https:\/\/sustainablebiosecurity.com\/wp-content\/uploads\/2026\/03\/plant-sanitation-mobile-fr.webp\" class=\"attachment-large size-large wp-image-749\" alt=\"\" srcset=\"https:\/\/sustainablebiosecurity.com\/wp-content\/uploads\/2026\/03\/plant-sanitation-mobile-fr.webp 804w, https:\/\/sustainablebiosecurity.com\/wp-content\/uploads\/2026\/03\/plant-sanitation-mobile-fr-300x76.webp 300w, https:\/\/sustainablebiosecurity.com\/wp-content\/uploads\/2026\/03\/plant-sanitation-mobile-fr-768x195.webp 768w, https:\/\/sustainablebiosecurity.com\/wp-content\/uploads\/2026\/03\/plant-sanitation-mobile-fr-18x5.webp 18w\" sizes=\"(max-width: 800px) 100vw, 800px\" \/>\t\t\t\t\t\t\t\t<\/a>\n\t\t\t\t\t\t\t\t\t\t\t\t\t\t\t<\/div>\n\t\t\t\t<\/div>\n\t\t\t\t<div class=\"elementor-element elementor-element-201b7ac elementor-widget elementor-widget-image\" data-id=\"201b7ac\" data-element_type=\"widget\" data-e-type=\"widget\" data-widget_type=\"image.default\">\n\t\t\t\t<div class=\"elementor-widget-container\">\n\t\t\t\t\t\t\t\t\t\t\t\t\t\t\t\t<a href=\"https:\/\/form.jotform.com\/260544831851256\">\n\t\t\t\t\t\t\t<img decoding=\"async\" width=\"800\" height=\"203\" src=\"https:\/\/sustainablebiosecurity.com\/wp-content\/uploads\/2026\/03\/poultry-pathogen-mobile-fr.webp\" class=\"attachment-large size-large wp-image-840\" alt=\"\" srcset=\"https:\/\/sustainablebiosecurity.com\/wp-content\/uploads\/2026\/03\/poultry-pathogen-mobile-fr.webp 804w, https:\/\/sustainablebiosecurity.com\/wp-content\/uploads\/2026\/03\/poultry-pathogen-mobile-fr-300x76.webp 300w, https:\/\/sustainablebiosecurity.com\/wp-content\/uploads\/2026\/03\/poultry-pathogen-mobile-fr-768x195.webp 768w, https:\/\/sustainablebiosecurity.com\/wp-content\/uploads\/2026\/03\/poultry-pathogen-mobile-fr-18x5.webp 18w\" sizes=\"(max-width: 800px) 100vw, 800px\" \/>\t\t\t\t\t\t\t\t<\/a>\n\t\t\t\t\t\t\t\t\t\t\t\t\t\t\t<\/div>\n\t\t\t\t<\/div>\n\t\t\t\t<div class=\"elementor-element elementor-element-8243bfe elementor-widget elementor-widget-image\" data-id=\"8243bfe\" data-element_type=\"widget\" data-e-type=\"widget\" data-widget_type=\"image.default\">\n\t\t\t\t<div class=\"elementor-widget-container\">\n\t\t\t\t\t\t\t\t\t\t\t\t\t\t\t\t<a href=\"https:\/\/form.jotform.com\/260544793468267\">\n\t\t\t\t\t\t\t<img loading=\"lazy\" decoding=\"async\" width=\"800\" height=\"203\" src=\"https:\/\/sustainablebiosecurity.com\/wp-content\/uploads\/2026\/03\/produce-pathogen-mobile-fr.webp\" class=\"attachment-large size-large wp-image-838\" alt=\"\" srcset=\"https:\/\/sustainablebiosecurity.com\/wp-content\/uploads\/2026\/03\/produce-pathogen-mobile-fr.webp 804w, https:\/\/sustainablebiosecurity.com\/wp-content\/uploads\/2026\/03\/produce-pathogen-mobile-fr-300x76.webp 300w, https:\/\/sustainablebiosecurity.com\/wp-content\/uploads\/2026\/03\/produce-pathogen-mobile-fr-768x195.webp 768w, https:\/\/sustainablebiosecurity.com\/wp-content\/uploads\/2026\/03\/produce-pathogen-mobile-fr-18x5.webp 18w\" sizes=\"(max-width: 800px) 100vw, 800px\" \/>\t\t\t\t\t\t\t\t<\/a>\n\t\t\t\t\t\t\t\t\t\t\t\t\t\t\t<\/div>\n\t\t\t\t<\/div>\n\t\t\t\t<div class=\"elementor-element elementor-element-29bc5f3 elementor-widget elementor-widget-image\" data-id=\"29bc5f3\" data-element_type=\"widget\" data-e-type=\"widget\" data-widget_type=\"image.default\">\n\t\t\t\t<div class=\"elementor-widget-container\">\n\t\t\t\t\t\t\t\t\t\t\t\t\t\t\t\t<a href=\"https:\/\/form.jotform.com\/260544064296257\">\n\t\t\t\t\t\t\t<img loading=\"lazy\" decoding=\"async\" width=\"800\" height=\"203\" src=\"https:\/\/sustainablebiosecurity.com\/wp-content\/uploads\/2026\/03\/poultry-barn-mobile-fr.webp\" class=\"attachment-large size-large wp-image-760\" alt=\"\" srcset=\"https:\/\/sustainablebiosecurity.com\/wp-content\/uploads\/2026\/03\/poultry-barn-mobile-fr.webp 804w, https:\/\/sustainablebiosecurity.com\/wp-content\/uploads\/2026\/03\/poultry-barn-mobile-fr-300x76.webp 300w, https:\/\/sustainablebiosecurity.com\/wp-content\/uploads\/2026\/03\/poultry-barn-mobile-fr-768x195.webp 768w, https:\/\/sustainablebiosecurity.com\/wp-content\/uploads\/2026\/03\/poultry-barn-mobile-fr-18x5.webp 18w\" sizes=\"(max-width: 800px) 100vw, 800px\" \/>\t\t\t\t\t\t\t\t<\/a>\n\t\t\t\t\t\t\t\t\t\t\t\t\t\t\t<\/div>\n\t\t\t\t<\/div>\n\t\t\t\t\t<\/div>\n\t\t<\/div>\n\t\t\t\t\t<\/div>\n\t\t<\/section>\n\t\t\t\t<section class=\"elementor-section elementor-top-section elementor-element elementor-element-2345779 elementor-section-content-middle elementor-reverse-mobile elementor-hidden-mobile elementor-section-boxed elementor-section-height-default elementor-section-height-default\" data-id=\"2345779\" data-element_type=\"section\" data-e-type=\"section\">\n\t\t\t\t\t\t<div class=\"elementor-container elementor-column-gap-default\">\n\t\t\t\t\t<div class=\"elementor-column elementor-col-100 elementor-top-column elementor-element elementor-element-19f79f3 elementor-invisible\" data-id=\"19f79f3\" data-element_type=\"column\" data-e-type=\"column\" data-settings=\"{&quot;background_background&quot;:&quot;classic&quot;,&quot;animation&quot;:&quot;fadeInRight&quot;}\">\n\t\t\t<div class=\"elementor-widget-wrap elementor-element-populated\">\n\t\t\t\t\t\t<div class=\"elementor-element elementor-element-a030b54 elementor-widget__width-initial elementor-widget elementor-widget-heading\" data-id=\"a030b54\" data-element_type=\"widget\" data-e-type=\"widget\" data-widget_type=\"heading.default\">\n\t\t\t\t<div class=\"elementor-widget-container\">\n\t\t\t\t\t<h2 class=\"elementor-heading-title elementor-size-default\">Commencez d\u00e8s maintenant \u2013 d\u00e9couvrez comment le syst\u00e8me SBS Shield\u2122 peut prot\u00e9ger votre exploitation et am\u00e9liorer l\u2019efficacit\u00e9<\/h2>\t\t\t\t<\/div>\n\t\t\t\t<\/div>\n\t\t\t\t<div class=\"elementor-element elementor-element-b9008c9 elementor-widget__width-initial elementor-widget elementor-widget-text-editor\" data-id=\"b9008c9\" data-element_type=\"widget\" data-e-type=\"widget\" data-widget_type=\"text-editor.default\">\n\t\t\t\t<div class=\"elementor-widget-container\">\n\t\t\t\t\t\t\t\t\t<p>Veuillez choisir votre domaine d\u2019int\u00e9r\u00eat ci-dessous<\/p>\t\t\t\t\t\t\t\t<\/div>\n\t\t\t\t<\/div>\n\t\t\t\t<div class=\"elementor-element elementor-element-77ba953 elementor-widget elementor-widget-image\" data-id=\"77ba953\" data-element_type=\"widget\" data-e-type=\"widget\" data-widget_type=\"image.default\">\n\t\t\t\t<div class=\"elementor-widget-container\">\n\t\t\t\t\t\t\t\t\t\t\t\t\t\t\t\t<a href=\"https:\/\/form.jotform.com\/260156027703046\">\n\t\t\t\t\t\t\t<img loading=\"lazy\" decoding=\"async\" width=\"800\" height=\"94\" src=\"https:\/\/sustainablebiosecurity.com\/wp-content\/uploads\/2026\/03\/knife-sanitation-large-fr.webp\" class=\"attachment-large size-large wp-image-773\" alt=\"\" srcset=\"https:\/\/sustainablebiosecurity.com\/wp-content\/uploads\/2026\/03\/knife-sanitation-large-fr.webp 804w, https:\/\/sustainablebiosecurity.com\/wp-content\/uploads\/2026\/03\/knife-sanitation-large-fr-300x35.webp 300w, https:\/\/sustainablebiosecurity.com\/wp-content\/uploads\/2026\/03\/knife-sanitation-large-fr-768x90.webp 768w, https:\/\/sustainablebiosecurity.com\/wp-content\/uploads\/2026\/03\/knife-sanitation-large-fr-18x2.webp 18w\" sizes=\"(max-width: 800px) 100vw, 800px\" \/>\t\t\t\t\t\t\t\t<\/a>\n\t\t\t\t\t\t\t\t\t\t\t\t\t\t\t<\/div>\n\t\t\t\t<\/div>\n\t\t\t\t<div class=\"elementor-element elementor-element-6914c4a elementor-widget elementor-widget-image\" data-id=\"6914c4a\" data-element_type=\"widget\" data-e-type=\"widget\" data-widget_type=\"image.default\">\n\t\t\t\t<div class=\"elementor-widget-container\">\n\t\t\t\t\t\t\t\t\t\t\t\t\t\t\t\t<a href=\"https:\/\/form.jotform.com\/260544028637256\">\n\t\t\t\t\t\t\t<img loading=\"lazy\" decoding=\"async\" width=\"800\" height=\"94\" src=\"https:\/\/sustainablebiosecurity.com\/wp-content\/uploads\/2026\/03\/plant-sanitation-large-fr.webp\" class=\"attachment-large size-large wp-image-731\" alt=\"\" srcset=\"https:\/\/sustainablebiosecurity.com\/wp-content\/uploads\/2026\/03\/plant-sanitation-large-fr.webp 804w, https:\/\/sustainablebiosecurity.com\/wp-content\/uploads\/2026\/03\/plant-sanitation-large-fr-300x35.webp 300w, https:\/\/sustainablebiosecurity.com\/wp-content\/uploads\/2026\/03\/plant-sanitation-large-fr-768x90.webp 768w, https:\/\/sustainablebiosecurity.com\/wp-content\/uploads\/2026\/03\/plant-sanitation-large-fr-18x2.webp 18w\" sizes=\"(max-width: 800px) 100vw, 800px\" \/>\t\t\t\t\t\t\t\t<\/a>\n\t\t\t\t\t\t\t\t\t\t\t\t\t\t\t<\/div>\n\t\t\t\t<\/div>\n\t\t\t\t<div class=\"elementor-element elementor-element-167db04 elementor-widget elementor-widget-image\" data-id=\"167db04\" data-element_type=\"widget\" data-e-type=\"widget\" data-widget_type=\"image.default\">\n\t\t\t\t<div class=\"elementor-widget-container\">\n\t\t\t\t\t\t\t\t\t\t\t\t\t\t\t\t<a href=\"https:\/\/form.jotform.com\/260544831851256\">\n\t\t\t\t\t\t\t<img loading=\"lazy\" decoding=\"async\" width=\"800\" height=\"94\" src=\"https:\/\/sustainablebiosecurity.com\/wp-content\/uploads\/2026\/03\/poultry-pathogen-large-fr.webp\" class=\"attachment-large size-large wp-image-834\" alt=\"\" srcset=\"https:\/\/sustainablebiosecurity.com\/wp-content\/uploads\/2026\/03\/poultry-pathogen-large-fr.webp 804w, https:\/\/sustainablebiosecurity.com\/wp-content\/uploads\/2026\/03\/poultry-pathogen-large-fr-300x35.webp 300w, https:\/\/sustainablebiosecurity.com\/wp-content\/uploads\/2026\/03\/poultry-pathogen-large-fr-768x90.webp 768w, https:\/\/sustainablebiosecurity.com\/wp-content\/uploads\/2026\/03\/poultry-pathogen-large-fr-18x2.webp 18w\" sizes=\"(max-width: 800px) 100vw, 800px\" \/>\t\t\t\t\t\t\t\t<\/a>\n\t\t\t\t\t\t\t\t\t\t\t\t\t\t\t<\/div>\n\t\t\t\t<\/div>\n\t\t\t\t<div class=\"elementor-element elementor-element-c6f105c elementor-widget elementor-widget-image\" data-id=\"c6f105c\" data-element_type=\"widget\" data-e-type=\"widget\" data-widget_type=\"image.default\">\n\t\t\t\t<div class=\"elementor-widget-container\">\n\t\t\t\t\t\t\t\t\t\t\t\t\t\t\t\t<a href=\"https:\/\/form.jotform.com\/260544793468267\">\n\t\t\t\t\t\t\t<img loading=\"lazy\" decoding=\"async\" width=\"800\" height=\"94\" src=\"https:\/\/sustainablebiosecurity.com\/wp-content\/uploads\/2026\/03\/produce-pathogen-large-fr.webp\" class=\"attachment-large size-large wp-image-832\" alt=\"\" srcset=\"https:\/\/sustainablebiosecurity.com\/wp-content\/uploads\/2026\/03\/produce-pathogen-large-fr.webp 804w, https:\/\/sustainablebiosecurity.com\/wp-content\/uploads\/2026\/03\/produce-pathogen-large-fr-300x35.webp 300w, https:\/\/sustainablebiosecurity.com\/wp-content\/uploads\/2026\/03\/produce-pathogen-large-fr-768x90.webp 768w, https:\/\/sustainablebiosecurity.com\/wp-content\/uploads\/2026\/03\/produce-pathogen-large-fr-18x2.webp 18w\" sizes=\"(max-width: 800px) 100vw, 800px\" \/>\t\t\t\t\t\t\t\t<\/a>\n\t\t\t\t\t\t\t\t\t\t\t\t\t\t\t<\/div>\n\t\t\t\t<\/div>\n\t\t\t\t<div class=\"elementor-element elementor-element-ea7ba68 elementor-widget elementor-widget-image\" data-id=\"ea7ba68\" data-element_type=\"widget\" data-e-type=\"widget\" data-widget_type=\"image.default\">\n\t\t\t\t<div class=\"elementor-widget-container\">\n\t\t\t\t\t\t\t\t\t\t\t\t\t\t\t\t<a href=\"https:\/\/form.jotform.com\/260544064296257\">\n\t\t\t\t\t\t\t<img loading=\"lazy\" decoding=\"async\" width=\"800\" height=\"94\" src=\"https:\/\/sustainablebiosecurity.com\/wp-content\/uploads\/2026\/03\/poultry-barn-large-fr.webp\" class=\"attachment-large size-large wp-image-777\" alt=\"\" srcset=\"https:\/\/sustainablebiosecurity.com\/wp-content\/uploads\/2026\/03\/poultry-barn-large-fr.webp 804w, https:\/\/sustainablebiosecurity.com\/wp-content\/uploads\/2026\/03\/poultry-barn-large-fr-300x35.webp 300w, https:\/\/sustainablebiosecurity.com\/wp-content\/uploads\/2026\/03\/poultry-barn-large-fr-768x90.webp 768w, https:\/\/sustainablebiosecurity.com\/wp-content\/uploads\/2026\/03\/poultry-barn-large-fr-18x2.webp 18w\" sizes=\"(max-width: 800px) 100vw, 800px\" \/>\t\t\t\t\t\t\t\t<\/a>\n\t\t\t\t\t\t\t\t\t\t\t\t\t\t\t<\/div>\n\t\t\t\t<\/div>\n\t\t\t\t\t<\/div>\n\t\t<\/div>\n\t\t\t\t\t<\/div>\n\t\t<\/section>\n\t\t\t\t<section class=\"elementor-section elementor-top-section elementor-element elementor-element-798b54b elementor-section-content-middle elementor-section-boxed elementor-section-height-default elementor-section-height-default\" data-id=\"798b54b\" data-element_type=\"section\" data-e-type=\"section\">\n\t\t\t\t\t\t<div class=\"elementor-container elementor-column-gap-default\">\n\t\t\t\t\t<div class=\"elementor-column elementor-col-50 elementor-top-column elementor-element elementor-element-5893122 elementor-invisible\" data-id=\"5893122\" data-element_type=\"column\" data-e-type=\"column\" data-settings=\"{&quot;animation&quot;:&quot;fadeInLeft&quot;}\">\n\t\t\t<div class=\"elementor-widget-wrap elementor-element-populated\">\n\t\t\t\t\t\t<div class=\"elementor-element elementor-element-d3567de elementor-widget elementor-widget-heading\" data-id=\"d3567de\" data-element_type=\"widget\" data-e-type=\"widget\" data-widget_type=\"heading.default\">\n\t\t\t\t<div class=\"elementor-widget-container\">\n\t\t\t\t\t<h2 class=\"elementor-heading-title elementor-size-default\">D\u00e9couvrez des opportunit\u00e9s pour am\u00e9liorer la sant\u00e9, la s\u00e9curit\u00e9 et l\u2019efficacit\u00e9<\/h2>\t\t\t\t<\/div>\n\t\t\t\t<\/div>\n\t\t\t\t<div class=\"elementor-element elementor-element-8671741 elementor-widget elementor-widget-text-editor\" data-id=\"8671741\" data-element_type=\"widget\" data-e-type=\"widget\" data-widget_type=\"text-editor.default\">\n\t\t\t\t<div class=\"elementor-widget-container\">\n\t\t\t\t\t\t\t\t\t<p>Remplissez rapidement et facilement un formulaire de d\u00e9couverte pour partager les informations cl\u00e9s sur les op\u00e9rations, la conformit\u00e9 et la sant\u00e9 de votre installation, <strong>de d\u00e9celer les risques cach\u00e9s, d\u2019\u00e9tablir une r\u00e9f\u00e9rence claire et de d\u00e9terminer si le syst\u00e8me SBS Shield\u2122 est la solution adapt\u00e9e<\/strong> \u00e0 votre exploitation.<\/p><p><strong>Pourquoi c\u2019est important :<\/strong><br \/>Votre soumission nous permet de fournir un <strong>rapport d\u2019impact \u00e9conomique personnalis\u00e9 SBS Shield\u2122<\/strong>, montrant les avantages potentiels, notamment :<\/p><ul><li>\u00c9conomies de main-d\u2019\u0153uvre et d\u2019\u00e9quipement<\/li><li>Valeur des temps d\u2019arr\u00eat<\/li><li>\u00c9conomies de produits chimiques<\/li><li>D\u00e9penses op\u00e9rationnelles annuelles et b\u00e9n\u00e9fice net total<\/li><li>P\u00e9riode de retour sur investissement<\/li><\/ul>\t\t\t\t\t\t\t\t<\/div>\n\t\t\t\t<\/div>\n\t\t\t\t\t<\/div>\n\t\t<\/div>\n\t\t\t\t<div class=\"elementor-column elementor-col-50 elementor-top-column elementor-element elementor-element-ff07eb5 elementor-hidden-mobile\" data-id=\"ff07eb5\" data-element_type=\"column\" data-e-type=\"column\">\n\t\t\t<div class=\"elementor-widget-wrap elementor-element-populated\">\n\t\t\t\t\t\t<div class=\"elementor-element elementor-element-558b3a5 elementor-invisible elementor-widget elementor-widget-image\" data-id=\"558b3a5\" data-element_type=\"widget\" data-e-type=\"widget\" data-settings=\"{&quot;_animation&quot;:&quot;fadeInRight&quot;}\" data-widget_type=\"image.default\">\n\t\t\t\t<div class=\"elementor-widget-container\">\n\t\t\t\t\t\t\t\t\t\t\t\t\t\t\t<img loading=\"lazy\" decoding=\"async\" width=\"1800\" height=\"1192\" src=\"https:\/\/sustainablebiosecurity.com\/wp-content\/uploads\/2026\/01\/sustainable-bio-security-discovery-image-1.webp\" class=\"attachment-full size-full wp-image-666\" alt=\"\" srcset=\"https:\/\/sustainablebiosecurity.com\/wp-content\/uploads\/2026\/01\/sustainable-bio-security-discovery-image-1.webp 1800w, https:\/\/sustainablebiosecurity.com\/wp-content\/uploads\/2026\/01\/sustainable-bio-security-discovery-image-1-300x199.webp 300w, https:\/\/sustainablebiosecurity.com\/wp-content\/uploads\/2026\/01\/sustainable-bio-security-discovery-image-1-1024x678.webp 1024w, https:\/\/sustainablebiosecurity.com\/wp-content\/uploads\/2026\/01\/sustainable-bio-security-discovery-image-1-768x509.webp 768w, https:\/\/sustainablebiosecurity.com\/wp-content\/uploads\/2026\/01\/sustainable-bio-security-discovery-image-1-1536x1017.webp 1536w, https:\/\/sustainablebiosecurity.com\/wp-content\/uploads\/2026\/01\/sustainable-bio-security-discovery-image-1-18x12.webp 18w\" sizes=\"(max-width: 1800px) 100vw, 1800px\" \/>\t\t\t\t\t\t\t\t\t\t\t\t\t\t\t<\/div>\n\t\t\t\t<\/div>\n\t\t\t\t\t<\/div>\n\t\t<\/div>\n\t\t\t\t\t<\/div>\n\t\t<\/section>\n\t\t\t\t<\/div>","protected":false},"excerpt":{"rendered":"<p>Is the SBS Shield\u2122 System the right solution for your operation? Get Started Now \u2013 See How SBS Shield\u2122 Can Protect Your Operation and Boost Efficiency Please choose your area of interest below Get Started Now \u2013 See How SBS Shield\u2122 Can Protect Your Operation and Boost Efficiency Please choose your area of interest below [&hellip;]<\/p>\n","protected":false},"author":1,"featured_media":0,"parent":0,"menu_order":0,"comment_status":"closed","ping_status":"closed","template":"elementor_header_footer","meta":{"_monsterinsights_skip_tracking":false,"_monsterinsights_sitenote_active":false,"_monsterinsights_sitenote_note":"","_monsterinsights_sitenote_category":0,"footnotes":""},"class_list":["post-585","page","type-page","status-publish","hentry"],"_links":{"self":[{"href":"https:\/\/sustainablebiosecurity.com\/fr\/wp-json\/wp\/v2\/pages\/585","targetHints":{"allow":["GET"]}}],"collection":[{"href":"https:\/\/sustainablebiosecurity.com\/fr\/wp-json\/wp\/v2\/pages"}],"about":[{"href":"https:\/\/sustainablebiosecurity.com\/fr\/wp-json\/wp\/v2\/types\/page"}],"author":[{"embeddable":true,"href":"https:\/\/sustainablebiosecurity.com\/fr\/wp-json\/wp\/v2\/users\/1"}],"replies":[{"embeddable":true,"href":"https:\/\/sustainablebiosecurity.com\/fr\/wp-json\/wp\/v2\/comments?post=585"}],"version-history":[{"count":82,"href":"https:\/\/sustainablebiosecurity.com\/fr\/wp-json\/wp\/v2\/pages\/585\/revisions"}],"predecessor-version":[{"id":843,"href":"https:\/\/sustainablebiosecurity.com\/fr\/wp-json\/wp\/v2\/pages\/585\/revisions\/843"}],"wp:attachment":[{"href":"https:\/\/sustainablebiosecurity.com\/fr\/wp-json\/wp\/v2\/media?parent=585"}],"curies":[{"name":"wp","href":"https:\/\/api.w.org\/{rel}","templated":true}]}}