{"id":689,"date":"2026-02-10T17:15:08","date_gmt":"2026-02-10T17:15:08","guid":{"rendered":"https:\/\/sustainablebiosecurity.com\/?page_id=689"},"modified":"2026-02-12T19:14:33","modified_gmt":"2026-02-13T00:14:33","slug":"validate","status":"publish","type":"page","link":"https:\/\/sustainablebiosecurity.com\/fr\/validate\/","title":{"rendered":"Essai"},"content":{"rendered":"<div data-elementor-type=\"wp-page\" data-elementor-id=\"689\" class=\"elementor elementor-689\" data-elementor-post-type=\"page\">\n\t\t\t\t\t\t<section class=\"elementor-section elementor-top-section elementor-element elementor-element-2d2003df elementor-section-boxed elementor-section-height-default elementor-section-height-default\" data-id=\"2d2003df\" data-element_type=\"section\" data-e-type=\"section\" data-settings=\"{&quot;background_background&quot;:&quot;classic&quot;}\">\n\t\t\t\t\t\t\t<div class=\"elementor-background-overlay\"><\/div>\n\t\t\t\t\t\t\t<div class=\"elementor-container elementor-column-gap-default\">\n\t\t\t\t\t<div class=\"elementor-column elementor-col-100 elementor-top-column elementor-element elementor-element-4f5438f\" data-id=\"4f5438f\" data-element_type=\"column\" data-e-type=\"column\">\n\t\t\t<div class=\"elementor-widget-wrap elementor-element-populated\">\n\t\t\t\t\t\t<section class=\"elementor-section elementor-inner-section elementor-element elementor-element-186a3a77 elementor-section-boxed elementor-section-height-default elementor-section-height-default elementor-invisible\" data-id=\"186a3a77\" data-element_type=\"section\" data-e-type=\"section\" data-settings=\"{&quot;background_background&quot;:&quot;classic&quot;,&quot;animation&quot;:&quot;fadeInUp&quot;}\">\n\t\t\t\t\t\t<div class=\"elementor-container elementor-column-gap-default\">\n\t\t\t\t\t<div class=\"elementor-column elementor-col-100 elementor-inner-column elementor-element elementor-element-15b829ec\" data-id=\"15b829ec\" data-element_type=\"column\" data-e-type=\"column\">\n\t\t\t<div class=\"elementor-widget-wrap elementor-element-populated\">\n\t\t\t\t\t\t<div class=\"elementor-element elementor-element-23d49f9a elementor-widget elementor-widget-heading\" data-id=\"23d49f9a\" data-element_type=\"widget\" data-e-type=\"widget\" data-widget_type=\"heading.default\">\n\t\t\t\t<div class=\"elementor-widget-container\">\n\t\t\t\t\t<h1 class=\"elementor-heading-title elementor-size-default\">Essai<\/h1>\t\t\t\t<\/div>\n\t\t\t\t<\/div>\n\t\t\t\t<div class=\"elementor-element elementor-element-10655575 elementor-widget elementor-widget-heading\" data-id=\"10655575\" data-element_type=\"widget\" data-e-type=\"widget\" data-widget_type=\"heading.default\">\n\t\t\t\t<div class=\"elementor-widget-container\">\n\t\t\t\t\t<h4 class=\"elementor-heading-title elementor-size-default\">Le syst\u00e8me SBS Shield\u2122 est-il la solution adapt\u00e9e \u00e0 votre exploitation ?<\/h4>\t\t\t\t<\/div>\n\t\t\t\t<\/div>\n\t\t\t\t\t<\/div>\n\t\t<\/div>\n\t\t\t\t\t<\/div>\n\t\t<\/section>\n\t\t\t\t\t<\/div>\n\t\t<\/div>\n\t\t\t\t\t<\/div>\n\t\t<\/section>\n\t\t\t\t<section class=\"elementor-section elementor-top-section elementor-element elementor-element-f09982e elementor-section-content-middle elementor-section-boxed elementor-section-height-default elementor-section-height-default\" data-id=\"f09982e\" data-element_type=\"section\" data-e-type=\"section\">\n\t\t\t\t\t\t<div class=\"elementor-container elementor-column-gap-default\">\n\t\t\t\t\t<div class=\"elementor-column elementor-col-50 elementor-top-column elementor-element elementor-element-46dc08c elementor-invisible\" data-id=\"46dc08c\" data-element_type=\"column\" data-e-type=\"column\" data-settings=\"{&quot;background_background&quot;:&quot;classic&quot;,&quot;animation&quot;:&quot;fadeInRight&quot;}\">\n\t\t\t<div class=\"elementor-widget-wrap elementor-element-populated\">\n\t\t\t\t\t\t<div class=\"elementor-element elementor-element-8f273b3 elementor-widget__width-initial elementor-widget elementor-widget-heading\" data-id=\"8f273b3\" data-element_type=\"widget\" data-e-type=\"widget\" data-widget_type=\"heading.default\">\n\t\t\t\t<div class=\"elementor-widget-container\">\n\t\t\t\t\t<h2 class=\"elementor-heading-title elementor-size-default\">D\u00e9montrez la performance dans votre installation<\/h2>\t\t\t\t<\/div>\n\t\t\t\t<\/div>\n\t\t\t\t<div class=\"elementor-element elementor-element-8671741 elementor-widget elementor-widget-text-editor\" data-id=\"8671741\" data-element_type=\"widget\" data-e-type=\"widget\" data-widget_type=\"text-editor.default\">\n\t\t\t\t<div class=\"elementor-widget-container\">\n\t\t\t\t\t\t\t\t\t<p>R\u00e9servez un essai de validation en direct dans votre installation pour v\u00e9rifier la r\u00e9duction et l\u2019\u00e9limination des agents pathog\u00e8nes en conditions r\u00e9elles, optimiser l\u2019efficacit\u00e9 de vos flux de travail et d\u00e9montrer la conformit\u00e9 pr\u00eate pour les audits en toute confiance.<\/p>\t\t\t\t\t\t\t\t<\/div>\n\t\t\t\t<\/div>\n\t\t\t\t<div class=\"elementor-element elementor-element-204740d elementor-mobile-align-center elementor-align-center elementor-widget elementor-widget-button\" data-id=\"204740d\" data-element_type=\"widget\" data-e-type=\"widget\" data-widget_type=\"button.default\">\n\t\t\t\t<div class=\"elementor-widget-container\">\n\t\t\t\t\t\t\t\t\t<div class=\"elementor-button-wrapper\">\n\t\t\t\t\t<a class=\"elementor-button elementor-button-link elementor-size-lg\" href=\"https:\/\/form.jotform.com\/260325183578259\">\n\t\t\t\t\t\t<span class=\"elementor-button-content-wrapper\">\n\t\t\t\t\t\t\t\t\t<span class=\"elementor-button-text\">R\u00e9server l\u2019essai<\/span>\n\t\t\t\t\t<\/span>\n\t\t\t\t\t<\/a>\n\t\t\t\t<\/div>\n\t\t\t\t\t\t\t\t<\/div>\n\t\t\t\t<\/div>\n\t\t\t\t\t<\/div>\n\t\t<\/div>\n\t\t\t\t<div class=\"elementor-column elementor-col-50 elementor-top-column elementor-element elementor-element-b7aa265 elementor-invisible\" data-id=\"b7aa265\" data-element_type=\"column\" data-e-type=\"column\" data-settings=\"{&quot;background_background&quot;:&quot;classic&quot;,&quot;animation&quot;:&quot;fadeInRight&quot;}\">\n\t\t\t<div class=\"elementor-widget-wrap elementor-element-populated\">\n\t\t\t\t\t\t<div class=\"elementor-element elementor-element-558b3a5 elementor-invisible elementor-widget elementor-widget-image\" data-id=\"558b3a5\" data-element_type=\"widget\" data-e-type=\"widget\" data-settings=\"{&quot;_animation&quot;:&quot;fadeInRight&quot;}\" data-widget_type=\"image.default\">\n\t\t\t\t<div class=\"elementor-widget-container\">\n\t\t\t\t\t\t\t\t\t\t\t\t\t\t\t<img fetchpriority=\"high\" decoding=\"async\" width=\"1800\" height=\"1192\" src=\"https:\/\/sustainablebiosecurity.com\/wp-content\/uploads\/2026\/02\/sustainable-bio-security-discovery-validate-1.webp\" class=\"attachment-full size-full wp-image-718\" alt=\"\" srcset=\"https:\/\/sustainablebiosecurity.com\/wp-content\/uploads\/2026\/02\/sustainable-bio-security-discovery-validate-1.webp 1800w, https:\/\/sustainablebiosecurity.com\/wp-content\/uploads\/2026\/02\/sustainable-bio-security-discovery-validate-1-300x199.webp 300w, https:\/\/sustainablebiosecurity.com\/wp-content\/uploads\/2026\/02\/sustainable-bio-security-discovery-validate-1-1024x678.webp 1024w, https:\/\/sustainablebiosecurity.com\/wp-content\/uploads\/2026\/02\/sustainable-bio-security-discovery-validate-1-768x509.webp 768w, https:\/\/sustainablebiosecurity.com\/wp-content\/uploads\/2026\/02\/sustainable-bio-security-discovery-validate-1-1536x1017.webp 1536w, https:\/\/sustainablebiosecurity.com\/wp-content\/uploads\/2026\/02\/sustainable-bio-security-discovery-validate-1-18x12.webp 18w\" sizes=\"(max-width: 1800px) 100vw, 1800px\" \/>\t\t\t\t\t\t\t\t\t\t\t\t\t\t\t<\/div>\n\t\t\t\t<\/div>\n\t\t\t\t\t<\/div>\n\t\t<\/div>\n\t\t\t\t\t<\/div>\n\t\t<\/section>\n\t\t\t\t<\/div>","protected":false},"excerpt":{"rendered":"<p>Is the SBS Shield\u2122 System the right solution for your operation? Prove Performance on Your Plant Floor Book a live validation trial at your facility to verify real-world pathogen reduction and elimination, streamline workflow efficiency, and demonstrate audit-ready compliance with confidence. Book Your Validation Trial<\/p>","protected":false},"author":1,"featured_media":0,"parent":0,"menu_order":0,"comment_status":"closed","ping_status":"closed","template":"elementor_header_footer","meta":{"_monsterinsights_skip_tracking":false,"_monsterinsights_sitenote_active":false,"_monsterinsights_sitenote_note":"","_monsterinsights_sitenote_category":0,"footnotes":""},"class_list":["post-689","page","type-page","status-publish","hentry"],"_links":{"self":[{"href":"https:\/\/sustainablebiosecurity.com\/fr\/wp-json\/wp\/v2\/pages\/689","targetHints":{"allow":["GET"]}}],"collection":[{"href":"https:\/\/sustainablebiosecurity.com\/fr\/wp-json\/wp\/v2\/pages"}],"about":[{"href":"https:\/\/sustainablebiosecurity.com\/fr\/wp-json\/wp\/v2\/types\/page"}],"author":[{"embeddable":true,"href":"https:\/\/sustainablebiosecurity.com\/fr\/wp-json\/wp\/v2\/users\/1"}],"replies":[{"embeddable":true,"href":"https:\/\/sustainablebiosecurity.com\/fr\/wp-json\/wp\/v2\/comments?post=689"}],"version-history":[{"count":9,"href":"https:\/\/sustainablebiosecurity.com\/fr\/wp-json\/wp\/v2\/pages\/689\/revisions"}],"predecessor-version":[{"id":721,"href":"https:\/\/sustainablebiosecurity.com\/fr\/wp-json\/wp\/v2\/pages\/689\/revisions\/721"}],"wp:attachment":[{"href":"https:\/\/sustainablebiosecurity.com\/fr\/wp-json\/wp\/v2\/media?parent=689"}],"curies":[{"name":"wp","href":"https:\/\/api.w.org\/{rel}","templated":true}]}}